{"id":1587,"date":"2022-01-17T15:13:51","date_gmt":"2022-01-17T14:13:51","guid":{"rendered":"https:\/\/tepsis.com\/?page_id=1587"},"modified":"2025-01-21T12:35:12","modified_gmt":"2025-01-21T11:35:12","slug":"contactar-kit-digital","status":"publish","type":"page","link":"https:\/\/tepsis.com\/es\/contactar-kit-digital\/","title":{"rendered":"Contactar Kit Digital"},"content":{"rendered":"<div id='av_section_1'  class='avia-section av-av_section-f3892e610ee9633c68397830e8f2c661 main_color avia-section-default avia-no-border-styling  avia-builder-el-0  el_before_av_two_third  avia-builder-el-first  avia-bg-style-scroll container_wrap fullsize'  ><div class='container av-section-cont-open' ><main  role=\"main\" itemprop=\"mainContentOfPage\"  class='template-page content  av-content-full alpha units'><div class='post-entry post-entry-type-page post-entry-1587'><div class='entry-content-wrapper clearfix'>\n\n<style type=\"text\/css\" data-created_by=\"avia_inline_auto\" id=\"style-css-av-av_heading-3b127b03edc6244618dc229f355cecc1\">\n#top .av-special-heading.av-av_heading-3b127b03edc6244618dc229f355cecc1{\npadding-bottom:0;\n}\nbody .av-special-heading.av-av_heading-3b127b03edc6244618dc229f355cecc1 .av-special-heading-tag .heading-char{\nfont-size:25px;\n}\n.av-special-heading.av-av_heading-3b127b03edc6244618dc229f355cecc1 .av-subheading{\nfont-size:15px;\n}\n<\/style>\n<div  class='av-special-heading av-av_heading-3b127b03edc6244618dc229f355cecc1 av-special-heading-h2 blockquote modern-quote modern-centered  avia-builder-el-1  el_before_av_hr  avia-builder-el-first '><h2 class='av-special-heading-tag'  itemprop=\"headline\"  >\u00a1Solicita tu KIT Digital!<\/h2><div class=\"special-heading-border\"><div class=\"special-heading-inner-border\"><\/div><\/div><\/div>\n\n<style type=\"text\/css\" data-created_by=\"avia_inline_auto\" id=\"style-css-av-av_hr-881e97a132f8664b03c68083e94372b9\">\n#top .hr.av-av_hr-881e97a132f8664b03c68083e94372b9{\nmargin-top:5px;\nmargin-bottom:30px;\n}\n.hr.av-av_hr-881e97a132f8664b03c68083e94372b9 .hr-inner{\nwidth:50px;\nborder-color:#92cd00;\n}\n<\/style>\n<div  class='hr av-av_hr-881e97a132f8664b03c68083e94372b9 hr-custom  avia-builder-el-2  el_after_av_heading  el_before_av_textblock  hr-center hr-icon-no'><span class='hr-inner inner-border-av-border-fat'><span class=\"hr-inner-style\"><\/span><\/span><\/div>\n<section  class='av_textblock_section av-av_textblock-2bd894dbf2e4bf2c4acf98ce4fbf94aa '   itemscope=\"itemscope\" itemtype=\"https:\/\/schema.org\/CreativeWork\" ><div class='avia_textblock'  itemprop=\"text\" ><p style=\"text-align: center;\">Rellena el formulario y contactaremos contigo para darte m\u00e1s informaci\u00f3n.<\/p>\n<\/div><\/section>\n<\/div><\/div><\/main><!-- close content main element --><\/div><\/div><div id='after_section_1'  class='main_color av_default_container_wrap container_wrap fullsize'  ><div class='container av-section-cont-open' ><div class='template-page content  av-content-full alpha units'><div class='post-entry post-entry-type-page post-entry-1587'><div class='entry-content-wrapper clearfix'>\n\n<style type=\"text\/css\" data-created_by=\"avia_inline_auto\" id=\"style-css-av-av_two_third-15d750bd1b332b34c6e70b077ebbccdf\">\n.flex_column.av-av_two_third-15d750bd1b332b34c6e70b077ebbccdf{\n-webkit-border-radius:0px 0px 0px 0px;\n-moz-border-radius:0px 0px 0px 0px;\nborder-radius:0px 0px 0px 0px;\npadding:0px 0px 0px 0px;\n}\n<\/style>\n<div  class='flex_column av-av_two_third-15d750bd1b332b34c6e70b077ebbccdf av_two_third  avia-builder-el-4  el_after_av_section  el_before_av_one_third  avia-builder-el-first  first flex_column_div av-zero-column-padding  '     ><p><form action=\"https:\/\/tepsis.com\/es\/contactar-kit-digital\/\" method=\"post\" data-fields-with-error=\"Found errors in the following field(s):\" class=\"avia_ajax_form av-form-labels-visible   avia-builder-el-5  el_before_av_textblock  avia-builder-el-first  h2 font-size18px font-weight normal  \" data-avia-form-id=\"1\" data-avia-redirect='http:\/\/tepsis.com\/es\/gracias-por-contactar\/' ><h3 class=''><\/p>\n<h2>D\u00e9jenos sus datos<\/h2>\n<p><\/h3><fieldset><p class='  first_form  form_element form_element_half' id='element_avia_1_1'><label for=\"avia_1_1\">Nombre y Apellidos <abbr class=\"required\" title=\"requerido\">*<\/abbr><\/label> <input name=\"avia_1_1\" class=\"text_input is_empty\" type=\"text\" id=\"avia_1_1\" value=\"\" \/><\/p><p class='  form_element form_element_half' id='element_avia_2_1'><label for=\"avia_2_1\">E-Mail <abbr class=\"required\" title=\"requerido\">*<\/abbr><\/label> <input name=\"avia_2_1\" class=\"text_input is_email\" type=\"text\" id=\"avia_2_1\" value=\"\" \/><\/p><p class='  first_form  form_element form_fullwidth' id='element_avia_3_1'><label for=\"avia_3_1\">Tel\u00e9fono <abbr class=\"required\" title=\"requerido\">*<\/abbr><\/label> <input name=\"avia_3_1\" class=\"text_input is_empty\" type=\"text\" id=\"avia_3_1\" value=\"\" \/><\/p><p class='  first_form  form_element form_fullwidth' id='element_avia_4_1'><label for=\"avia_4_1\">Asunto <abbr class=\"required\" title=\"requerido\">*<\/abbr><\/label> <input name=\"avia_4_1\" class=\"text_input is_empty\" type=\"text\" id=\"avia_4_1\" value=\"\" \/><\/p><p class='  first_form  form_element form_fullwidth' id='element_avia_5_1'><label for=\"avia_5_1\" class=\"textare_label hidden textare_label_avia_5_1\">Mensaje <abbr class=\"required\" title=\"requerido\">*<\/abbr><\/label><textarea  name=\"avia_5_1\" class=\"text_area is_empty\" cols=\"40\" rows=\"7\" id=\"avia_5_1\" ><\/textarea><\/p><p class='  first_form  form_element form_fullwidth av-last-visible-form-element' id='element_avia_6_1'><input  name=\"avia_6_1\" class=\"input_checkbox is_empty\" type=\"checkbox\" id=\"avia_6_1\" value=\"true\"\/><label class=\"input_checkbox_label\" for=\"avia_6_1\">Aceptar los <a href=\"https:\/\/tepsis.com\/es\/politica-de-privacidad\/\" target=\"_blank\" rel=\"noopener\">T\u00e9rminos y Condiciones<\/a> <abbr class=\"required\" title=\"requerido\">*<\/abbr><\/label><\/p><p class=\"hidden\"><input type=\"text\" name=\"avia_7_1\" class=\"hidden \" id=\"avia_7_1\" value=\"\" \/><\/p><p class=\"form_element \"><input type=\"hidden\" value=\"1\" name=\"avia_generated_form1\" \/><input type=\"submit\" value=\"Enviar\" class=\"button\"  data-sending-label=\"Enviando\"\/><\/p><\/fieldset><\/form><div id=\"ajaxresponse_1\" class=\"ajaxresponse ajaxresponse_1 hidden\"><\/div><br \/>\n\n<style type=\"text\/css\" data-created_by=\"avia_inline_auto\" id=\"style-css-av-av_textblock-7f06d7408724e50c8b245106ce1d5f67\">\n#top .av_textblock_section.av-av_textblock-7f06d7408724e50c8b245106ce1d5f67 .avia_textblock{\nfont-size:12px;\n}\n<\/style>\n<section  class='av_textblock_section av-av_textblock-7f06d7408724e50c8b245106ce1d5f67 '   itemscope=\"itemscope\" itemtype=\"https:\/\/schema.org\/CreativeWork\" ><div class='avia_textblock'  itemprop=\"text\" ><p><span style=\"color: #808080;\"><em>Antes de enviarnos la solicitud, es necesario que lea la informaci\u00f3n b\u00e1sica sobre protecci\u00f3n de datos que figura a continuaci\u00f3n. El responsable del tratamiento de sus datos es TEPSIS SBD, S.L. La finalidad del tratamiento es gestionar y atender las solicitudes d\u2019informaci\u00f3n y\/o consultas que los ususarios de este formulario contactar nos env\u00eden. Legitimaci\u00f3n del tratamiento: Consentimiento del interessado en el momento de enviarnos el formulario rellenado sus datos.\u00a0 Destinatarios de sus datos: El personal y la direcci\u00f3n de la empesa. No cederemos sus datos a terceros, excepto por obligaci\u00f3n legal. Derechos que le asisten: Tiene derecho a acceder, rectificar y\/o suprimir sus datos, as\u00ed como otros derechos, com se explica detalladamente en la informaci\u00f3n adicional. Pueden consultar la informaci\u00f3n adicional y detallada sobre el tratamiento de sus datos, pinchando <a href=\"https:\/\/tepsis.com\/politica-de-privacitat\/\" target=\"_blank\" rel=\"noopener\">aqu\u00ed.<\/a><\/em><\/span><\/p>\n<\/div><\/section><\/p><\/div>\n\n<style type=\"text\/css\" data-created_by=\"avia_inline_auto\" id=\"style-css-av-av_one_third-c8fc129dc35fd1ae2a1e410224d39ea8\">\n.flex_column.av-av_one_third-c8fc129dc35fd1ae2a1e410224d39ea8{\n-webkit-border-radius:0px 0px 0px 0px;\n-moz-border-radius:0px 0px 0px 0px;\nborder-radius:0px 0px 0px 0px;\npadding:0px 0px 0px 0px;\n}\n<\/style>\n<div  class='flex_column av-av_one_third-c8fc129dc35fd1ae2a1e410224d39ea8 av_one_third  avia-builder-el-7  el_after_av_two_third  avia-builder-el-last  flex_column_div av-zero-column-padding  '     ><style type=\"text\/css\" data-created_by=\"avia_inline_auto\" id=\"style-css-av-av_image-170e5b87e884c1287bab0ecda2fbcf20\">\n.avia-image-container.av-av_image-170e5b87e884c1287bab0ecda2fbcf20 img.avia_image{\nbox-shadow:none;\n}\n.avia-image-container.av-av_image-170e5b87e884c1287bab0ecda2fbcf20 .av-image-caption-overlay-center{\ncolor:#ffffff;\n}\n<\/style>\n<div  class='avia-image-container av-av_image-170e5b87e884c1287bab0ecda2fbcf20 av-styling-no-styling avia-align-center  avia-builder-el-8  avia-builder-el-no-sibling '   itemprop=\"image\" itemscope=\"itemscope\" itemtype=\"https:\/\/schema.org\/ImageObject\" ><div class=\"avia-image-container-inner\"><div class=\"avia-image-overlay-wrap\"><img decoding=\"async\" class='wp-image-1576 avia-img-lazy-loading-not-1576 avia_image ' src=\"https:\/\/tepsis.com\/wp-content\/uploads\/2022\/01\/Logo_KitDigital-1.png\" alt='' title='Logo_KitDigital'  height=\"105\" width=\"230\"  itemprop=\"thumbnailUrl\"  \/><\/div><\/div><\/div><\/div>\n","protected":false},"excerpt":{"rendered":"","protected":false},"author":3,"featured_media":0,"parent":0,"menu_order":0,"comment_status":"closed","ping_status":"closed","template":"","meta":{"footnotes":""},"class_list":["post-1587","page","type-page","status-publish","hentry"],"yoast_head":"<!-- This site is optimized with the Yoast SEO plugin v27.2 - https:\/\/yoast.com\/product\/yoast-seo-wordpress\/ -->\n<title>Contacte con Asistencia T\u00e9cnica y Servicios Inform\u00e1ticos - Tepsis<\/title>\n<meta name=\"description\" content=\"Consulte ahora con nuestro equipo de expertos cualquier duda relacionada con el servicio inform\u00e1tico. La asistencia t\u00e9cnica de Tepsis resolver\u00e1 su duda o problema lo antes posible.\" \/>\n<meta name=\"robots\" content=\"index, follow, max-snippet:-1, max-image-preview:large, max-video-preview:-1\" \/>\n<link rel=\"canonical\" href=\"https:\/\/tepsis.com\/es\/contactar-kit-digital\/\" \/>\n<meta property=\"og:locale\" content=\"es_ES\" \/>\n<meta property=\"og:type\" content=\"article\" \/>\n<meta property=\"og:title\" content=\"Contacte con Asistencia T\u00e9cnica y Servicios Inform\u00e1ticos - Tepsis\" \/>\n<meta property=\"og:description\" content=\"Consulte ahora con nuestro equipo de expertos cualquier duda relacionada con el servicio inform\u00e1tico. La asistencia t\u00e9cnica de Tepsis resolver\u00e1 su duda o problema lo antes posible.\" \/>\n<meta property=\"og:url\" content=\"https:\/\/tepsis.com\/es\/contactar-kit-digital\/\" \/>\n<meta property=\"og:site_name\" content=\"Tepsis\" \/>\n<meta property=\"article:modified_time\" content=\"2025-01-21T11:35:12+00:00\" \/>\n<meta name=\"twitter:card\" content=\"summary_large_image\" \/>\n<meta name=\"twitter:label1\" content=\"Tiempo de lectura\" \/>\n\t<meta name=\"twitter:data1\" content=\"2 minutos\" \/>\n<script type=\"application\/ld+json\" class=\"yoast-schema-graph\">{\"@context\":\"https:\/\/schema.org\",\"@graph\":[{\"@type\":\"WebPage\",\"@id\":\"https:\/\/tepsis.com\/es\/contactar-kit-digital\/\",\"url\":\"https:\/\/tepsis.com\/es\/contactar-kit-digital\/\",\"name\":\"Contacte con Asistencia T\u00e9cnica y Servicios Inform\u00e1ticos - Tepsis\",\"isPartOf\":{\"@id\":\"https:\/\/tepsis.com\/es\/#website\"},\"datePublished\":\"2022-01-17T14:13:51+00:00\",\"dateModified\":\"2025-01-21T11:35:12+00:00\",\"description\":\"Consulte ahora con nuestro equipo de expertos cualquier duda relacionada con el servicio inform\u00e1tico. La asistencia t\u00e9cnica de Tepsis resolver\u00e1 su duda o problema lo antes posible.\",\"breadcrumb\":{\"@id\":\"https:\/\/tepsis.com\/es\/contactar-kit-digital\/#breadcrumb\"},\"inLanguage\":\"es\",\"potentialAction\":[{\"@type\":\"ReadAction\",\"target\":[\"https:\/\/tepsis.com\/es\/contactar-kit-digital\/\"]}]},{\"@type\":\"BreadcrumbList\",\"@id\":\"https:\/\/tepsis.com\/es\/contactar-kit-digital\/#breadcrumb\",\"itemListElement\":[{\"@type\":\"ListItem\",\"position\":1,\"name\":\"Portada\",\"item\":\"https:\/\/tepsis.com\/es\/\"},{\"@type\":\"ListItem\",\"position\":2,\"name\":\"Contactar Kit Digital\"}]},{\"@type\":\"WebSite\",\"@id\":\"https:\/\/tepsis.com\/es\/#website\",\"url\":\"https:\/\/tepsis.com\/es\/\",\"name\":\"Tepsis\",\"description\":\"Inform\u00e0tica Empresarial\",\"potentialAction\":[{\"@type\":\"SearchAction\",\"target\":{\"@type\":\"EntryPoint\",\"urlTemplate\":\"https:\/\/tepsis.com\/es\/?s={search_term_string}\"},\"query-input\":{\"@type\":\"PropertyValueSpecification\",\"valueRequired\":true,\"valueName\":\"search_term_string\"}}],\"inLanguage\":\"es\"}]}<\/script>\n<!-- \/ Yoast SEO plugin. -->","yoast_head_json":{"title":"Contacte con Asistencia T\u00e9cnica y Servicios Inform\u00e1ticos - Tepsis","description":"Consulte ahora con nuestro equipo de expertos cualquier duda relacionada con el servicio inform\u00e1tico. La asistencia t\u00e9cnica de Tepsis resolver\u00e1 su duda o problema lo antes posible.","robots":{"index":"index","follow":"follow","max-snippet":"max-snippet:-1","max-image-preview":"max-image-preview:large","max-video-preview":"max-video-preview:-1"},"canonical":"https:\/\/tepsis.com\/es\/contactar-kit-digital\/","og_locale":"es_ES","og_type":"article","og_title":"Contacte con Asistencia T\u00e9cnica y Servicios Inform\u00e1ticos - Tepsis","og_description":"Consulte ahora con nuestro equipo de expertos cualquier duda relacionada con el servicio inform\u00e1tico. La asistencia t\u00e9cnica de Tepsis resolver\u00e1 su duda o problema lo antes posible.","og_url":"https:\/\/tepsis.com\/es\/contactar-kit-digital\/","og_site_name":"Tepsis","article_modified_time":"2025-01-21T11:35:12+00:00","twitter_card":"summary_large_image","twitter_misc":{"Tiempo de lectura":"2 minutos"},"schema":{"@context":"https:\/\/schema.org","@graph":[{"@type":"WebPage","@id":"https:\/\/tepsis.com\/es\/contactar-kit-digital\/","url":"https:\/\/tepsis.com\/es\/contactar-kit-digital\/","name":"Contacte con Asistencia T\u00e9cnica y Servicios Inform\u00e1ticos - Tepsis","isPartOf":{"@id":"https:\/\/tepsis.com\/es\/#website"},"datePublished":"2022-01-17T14:13:51+00:00","dateModified":"2025-01-21T11:35:12+00:00","description":"Consulte ahora con nuestro equipo de expertos cualquier duda relacionada con el servicio inform\u00e1tico. La asistencia t\u00e9cnica de Tepsis resolver\u00e1 su duda o problema lo antes posible.","breadcrumb":{"@id":"https:\/\/tepsis.com\/es\/contactar-kit-digital\/#breadcrumb"},"inLanguage":"es","potentialAction":[{"@type":"ReadAction","target":["https:\/\/tepsis.com\/es\/contactar-kit-digital\/"]}]},{"@type":"BreadcrumbList","@id":"https:\/\/tepsis.com\/es\/contactar-kit-digital\/#breadcrumb","itemListElement":[{"@type":"ListItem","position":1,"name":"Portada","item":"https:\/\/tepsis.com\/es\/"},{"@type":"ListItem","position":2,"name":"Contactar Kit Digital"}]},{"@type":"WebSite","@id":"https:\/\/tepsis.com\/es\/#website","url":"https:\/\/tepsis.com\/es\/","name":"Tepsis","description":"Inform\u00e0tica Empresarial","potentialAction":[{"@type":"SearchAction","target":{"@type":"EntryPoint","urlTemplate":"https:\/\/tepsis.com\/es\/?s={search_term_string}"},"query-input":{"@type":"PropertyValueSpecification","valueRequired":true,"valueName":"search_term_string"}}],"inLanguage":"es"}]}},"_links":{"self":[{"href":"https:\/\/tepsis.com\/es\/wp-json\/wp\/v2\/pages\/1587","targetHints":{"allow":["GET"]}}],"collection":[{"href":"https:\/\/tepsis.com\/es\/wp-json\/wp\/v2\/pages"}],"about":[{"href":"https:\/\/tepsis.com\/es\/wp-json\/wp\/v2\/types\/page"}],"author":[{"embeddable":true,"href":"https:\/\/tepsis.com\/es\/wp-json\/wp\/v2\/users\/3"}],"replies":[{"embeddable":true,"href":"https:\/\/tepsis.com\/es\/wp-json\/wp\/v2\/comments?post=1587"}],"version-history":[{"count":0,"href":"https:\/\/tepsis.com\/es\/wp-json\/wp\/v2\/pages\/1587\/revisions"}],"wp:attachment":[{"href":"https:\/\/tepsis.com\/es\/wp-json\/wp\/v2\/media?parent=1587"}],"curies":[{"name":"wp","href":"https:\/\/api.w.org\/{rel}","templated":true}]}}