{"id":700,"date":"2018-01-26T10:05:50","date_gmt":"2018-01-26T09:05:50","guid":{"rendered":"http:\/\/tepsis.com\/?page_id=700"},"modified":"2025-01-21T12:32:46","modified_gmt":"2025-01-21T11:32:46","slug":"asistencia-tecnica-servicio-informatico","status":"publish","type":"page","link":"https:\/\/tepsis.com\/es\/asistencia-tecnica-servicio-informatico\/","title":{"rendered":"Contactar Asistencia T\u00e9cnica en Servicio Informatico"},"content":{"rendered":"<div id='av_section_1'  class='avia-section av-29qyj0-93d5a5b6a25dbed16aa0a1fee35198f4 main_color avia-section-default avia-no-border-styling  avia-builder-el-0  el_before_av_two_third  avia-builder-el-first  avia-bg-style-scroll container_wrap fullsize'  ><div class='container av-section-cont-open' ><main  role=\"main\" itemprop=\"mainContentOfPage\"  class='template-page content  av-content-full alpha units'><div class='post-entry post-entry-type-page post-entry-700'><div class='entry-content-wrapper clearfix'>\n\n<style type=\"text\/css\" data-created_by=\"avia_inline_auto\" id=\"style-css-av-21fnu4-9c43a22e9b6ba6aaeeb9d979b93a7701\">\n#top .av-special-heading.av-21fnu4-9c43a22e9b6ba6aaeeb9d979b93a7701{\npadding-bottom:0;\n}\nbody .av-special-heading.av-21fnu4-9c43a22e9b6ba6aaeeb9d979b93a7701 .av-special-heading-tag .heading-char{\nfont-size:25px;\n}\n.av-special-heading.av-21fnu4-9c43a22e9b6ba6aaeeb9d979b93a7701 .av-subheading{\nfont-size:15px;\n}\n<\/style>\n<div  class='av-special-heading av-21fnu4-9c43a22e9b6ba6aaeeb9d979b93a7701 av-special-heading-h2 blockquote modern-quote modern-centered  avia-builder-el-1  el_before_av_hr  avia-builder-el-first '><h2 class='av-special-heading-tag'  itemprop=\"headline\"  >\u00bfEN QU\u00c9 LE PODEMOS AYUDAR?<\/h2><div class=\"special-heading-border\"><div class=\"special-heading-inner-border\"><\/div><\/div><\/div>\n\n<style type=\"text\/css\" data-created_by=\"avia_inline_auto\" id=\"style-css-av-1v9ycs-2bfd584772e22fb8f88ffea6c55449f4\">\n#top .hr.av-1v9ycs-2bfd584772e22fb8f88ffea6c55449f4{\nmargin-top:5px;\nmargin-bottom:30px;\n}\n.hr.av-1v9ycs-2bfd584772e22fb8f88ffea6c55449f4 .hr-inner{\nwidth:50px;\nborder-color:#c5cf3d;\n}\n<\/style>\n<div  class='hr av-1v9ycs-2bfd584772e22fb8f88ffea6c55449f4 hr-custom  avia-builder-el-2  el_after_av_heading  el_before_av_textblock  hr-center hr-icon-no'><span class='hr-inner inner-border-av-border-fat'><span class=\"hr-inner-style\"><\/span><\/span><\/div>\n<section  class='av_textblock_section av-1q5k8k-f76730a62d9b9dafbc70abd5e36bed59 '   itemscope=\"itemscope\" itemtype=\"https:\/\/schema.org\/CreativeWork\" ><div class='avia_textblock'  itemprop=\"text\" ><p style=\"text-align: center;\">Contacte con el equipo de asistencia t\u00e9cnica en servicios inform\u00e1ticos para resolver cualquier inconveniente o duda a trav\u00e9s de este formulario.<\/p>\n<\/div><\/section>\n<\/div><\/div><\/main><!-- close content main element --><\/div><\/div><div id='after_section_1'  class='main_color av_default_container_wrap container_wrap fullsize'  ><div class='container av-section-cont-open' ><div class='template-page content  av-content-full alpha units'><div class='post-entry post-entry-type-page post-entry-700'><div class='entry-content-wrapper clearfix'>\n<style type=\"text\/css\" data-created_by=\"avia_inline_auto\" id=\"style-css-av-5vpok-11d970759ff02efa39c3ccd264d3d039\">\n.flex_column.av-5vpok-11d970759ff02efa39c3ccd264d3d039{\n-webkit-border-radius:0px 0px 0px 0px;\n-moz-border-radius:0px 0px 0px 0px;\nborder-radius:0px 0px 0px 0px;\npadding:0px 0px 0px 0px;\n}\n<\/style>\n<div  class='flex_column av-5vpok-11d970759ff02efa39c3ccd264d3d039 av_two_third  avia-builder-el-4  el_after_av_section  el_before_av_one_third  avia-builder-el-first  first flex_column_div av-zero-column-padding  '     ><p><form action=\"https:\/\/tepsis.com\/es\/asistencia-tecnica-servicio-informatico\/\" method=\"post\" data-fields-with-error=\"Found errors in the following field(s):\" class=\"avia_ajax_form av-form-labels-visible   avia-builder-el-5  el_before_av_textblock  avia-builder-el-first  h2 font-size18px font-weight normal  \" data-avia-form-id=\"1\" data-avia-redirect='http:\/\/tepsis.com\/es\/gracias-por-contactar\/' ><h3 class=''><\/p>\n<h2>D\u00e9jenos sus datos<\/h2>\n<p><\/h3><fieldset><p class='  first_form  form_element form_element_half' id='element_avia_1_1'><label for=\"avia_1_1\">Nombre y Apellidos <abbr class=\"required\" title=\"requerido\">*<\/abbr><\/label> <input name=\"avia_1_1\" class=\"text_input is_empty\" type=\"text\" id=\"avia_1_1\" value=\"\" \/><\/p><p class='  form_element form_element_half' id='element_avia_2_1'><label for=\"avia_2_1\">E-Mail <abbr class=\"required\" title=\"requerido\">*<\/abbr><\/label> <input name=\"avia_2_1\" class=\"text_input is_email\" type=\"text\" id=\"avia_2_1\" value=\"\" \/><\/p><p class='  first_form  form_element form_fullwidth' id='element_avia_3_1'><label for=\"avia_3_1\">Asunto <abbr class=\"required\" title=\"requerido\">*<\/abbr><\/label> <input name=\"avia_3_1\" class=\"text_input is_empty\" type=\"text\" id=\"avia_3_1\" value=\"\" \/><\/p><p class='  first_form  form_element form_fullwidth' id='element_avia_4_1'><label for=\"avia_4_1\" class=\"textare_label hidden textare_label_avia_4_1\">Mensaje <abbr class=\"required\" title=\"requerido\">*<\/abbr><\/label><textarea  name=\"avia_4_1\" class=\"text_area is_empty\" cols=\"40\" rows=\"7\" id=\"avia_4_1\" ><\/textarea><\/p><p class='  first_form  form_element form_fullwidth av-last-visible-form-element' id='element_avia_5_1'><input  name=\"avia_5_1\" class=\"input_checkbox is_empty\" type=\"checkbox\" id=\"avia_5_1\" value=\"true\"\/><label class=\"input_checkbox_label\" for=\"avia_5_1\">Aceptar los <a href=\"https:\/\/tepsis.com\/es\/politica-de-privacidad\/\" target=\"_blank\" rel=\"noopener\">T\u00e9rminos y Condiciones<\/a> <abbr class=\"required\" title=\"requerido\">*<\/abbr><\/label><\/p><p class=\"hidden\"><input type=\"text\" name=\"avia_6_1\" class=\"hidden \" id=\"avia_6_1\" value=\"\" \/><\/p><p class=\"form_element \"><input type=\"hidden\" value=\"1\" name=\"avia_generated_form1\" \/><input type=\"submit\" value=\"Enviar\" class=\"button\"  data-sending-label=\"Enviando\"\/><\/p><\/fieldset><\/form><div id=\"ajaxresponse_1\" class=\"ajaxresponse ajaxresponse_1 hidden\"><\/div><br \/>\n\n<style type=\"text\/css\" data-created_by=\"avia_inline_auto\" id=\"style-css-av-daosk-a83dd2a1e3a41ea126723623a6311724\">\n#top .av_textblock_section.av-daosk-a83dd2a1e3a41ea126723623a6311724 .avia_textblock{\nfont-size:12px;\n}\n<\/style>\n<section  class='av_textblock_section av-daosk-a83dd2a1e3a41ea126723623a6311724 '   itemscope=\"itemscope\" itemtype=\"https:\/\/schema.org\/CreativeWork\" ><div class='avia_textblock'  itemprop=\"text\" ><p><span style=\"color: #808080;\"><em>Antes de enviarnos la solicitud, es necesario que lea la informaci\u00f3n b\u00e1sica sobre protecci\u00f3n de datos que figura a continuaci\u00f3n. El responsable del tratamiento de sus datos es TEPSIS SBD, S.L. La finalidad del tratamiento es gestionar y atender las solicitudes d\u2019informaci\u00f3n y\/o consultas que los ususarios de este formulario contactar nos env\u00eden. Legitimaci\u00f3n del tratamiento: Consentimiento del interessado en el momento de enviarnos el formulario rellenado sus datos.\u00a0 Destinatarios de sus datos: El personal y la direcci\u00f3n de la empesa. No cederemos sus datos a terceros, excepto por obligaci\u00f3n legal. Derechos que le asisten: Tiene derecho a acceder, rectificar y\/o suprimir sus datos, as\u00ed como otros derechos, com se explica detalladamente en la informaci\u00f3n adicional. Pueden consultar la informaci\u00f3n adicional y detallada sobre el tratamiento de sus datos, pinchando <a href=\"https:\/\/tepsis.com\/politica-de-privacitat\/\" target=\"_blank\" rel=\"noopener\">aqu\u00ed.<\/a><\/em><\/span><\/p>\n<\/div><\/section><\/p><\/div><\/p>\n\n<style type=\"text\/css\" data-created_by=\"avia_inline_auto\" id=\"style-css-av-6utkk-c5ba29035e3d2292f32aeddc9d8de2ae\">\n.flex_column.av-6utkk-c5ba29035e3d2292f32aeddc9d8de2ae{\n-webkit-border-radius:0px 0px 0px 0px;\n-moz-border-radius:0px 0px 0px 0px;\nborder-radius:0px 0px 0px 0px;\npadding:0px 0px 0px 0px;\n}\n<\/style>\n<div  class='flex_column av-6utkk-c5ba29035e3d2292f32aeddc9d8de2ae av_one_third  avia-builder-el-7  el_after_av_two_third  el_before_av_google_map  avia-builder-el-last  flex_column_div av-zero-column-padding  '     ><section  class='av_textblock_section av-lj75wzxu-160f6ff9ea302b6cfc52a276493a8100 '   itemscope=\"itemscope\" itemtype=\"https:\/\/schema.org\/CreativeWork\" ><div class='avia_textblock'  itemprop=\"text\" ><p>TEPSIS SBD S.L.<\/p>\n<p>C\/ Coromines, 51 bj<br \/>\n08201 &#8211; SABADELL<\/p>\n<p>Tel. <a href=\"tel:937466254\">93.746.62.54<\/a><\/p>\n<p><strong>Emails contacto<\/strong><br \/>\nInformaci\u00f3n: <a href=\"mailto:info@tepsis.com\" target=\"_blank\" rel=\"noopener\">info@tepsis.com<\/a><br \/>\nSoporte: <a href=\"mailto:suport@tepsis.com\" target=\"_blank\" rel=\"noopener\">suport@tepsis.com<\/a><br \/>\nAdministraci\u00f3n: <a href=\"mailto:admin@tepsis.com\" target=\"_blank\" rel=\"noopener\">admin@tepsis.com<\/a><br \/>\nComercial: <a href=\"mailto:comercial@tepsis.co\" target=\"_blank\" rel=\"noopener\">comercial@tepsis.co<\/a><br \/>\nFacturaci\u00f3n : <a href=\"mailto:facturacio@tepsis.com\" target=\"_blank\" rel=\"noopener\">facturacio@tepsis.com<\/a><br \/>\nRRHH: <a href=\"mailto:rrhh@tepsis.com\" target=\"_blank\" rel=\"noopener\">rrhh@tepsis.com<\/a><\/p>\n<p><strong>Horarios<\/strong><br \/>\nHorario de oficina de lunes a viernes de 9 a 18h<br \/>\nSoporte online durante el horario de oficina<\/p>\n<p><strong>Informaci\u00f3n Pr\u00e1ctica<\/strong><br \/>\nParking m\u00e1s cercano: Mercat Central<br \/>\nParada FGC m\u00e1s cercana: &#8216;Can Feu\/Gr\u00e0cia&#8217;<\/p>\n<\/div><\/section><\/div>\n<div  class='av_gmaps_sc_main_wrap av_gmaps_main_wrap '><div id='av_gmap_0' class='avia-google-map-container avia-google-map-sc av_gmaps_show_unconditionally av-no-fallback-img ' data-mapid='av_gmap_0'  style='height: 400px;'><a class=\"av_gmaps_browser_disabled av_text_confirm_link av_text_confirm_link_visible\" href=\"https:\/\/www.google.com\/maps\/search\/?api=1&#038;query=Calle%20Coromines,%2051%20bajos%2008201%20Sabadell%20Catalu\u00f1a%20Espa\u00f1a\" target=\"_blank\" rel=\"noopener\">Maps were disabled by the visitor on this site. Click to open the map in a new window.<\/a><\/div><\/div>\n","protected":false},"excerpt":{"rendered":"","protected":false},"author":1,"featured_media":0,"parent":0,"menu_order":0,"comment_status":"closed","ping_status":"closed","template":"","meta":{"footnotes":""},"class_list":["post-700","page","type-page","status-publish","hentry"],"yoast_head":"<!-- This site is optimized with the Yoast SEO plugin v27.2 - https:\/\/yoast.com\/product\/yoast-seo-wordpress\/ -->\n<title>Asistencia T\u00e9cnica y Servicios Inform\u00e1ticos - Tepsis<\/title>\n<meta name=\"description\" content=\"Nuestra asistencia t\u00e9cnica resolver\u00e1 su duda o problema relacionado con el servicio inform\u00e1tico en menos de 24 horas.\" \/>\n<meta name=\"robots\" content=\"index, follow, max-snippet:-1, max-image-preview:large, max-video-preview:-1\" \/>\n<link rel=\"canonical\" href=\"https:\/\/tepsis.com\/es\/asistencia-tecnica-servicio-informatico\/\" \/>\n<meta property=\"og:locale\" content=\"es_ES\" \/>\n<meta property=\"og:type\" content=\"article\" \/>\n<meta property=\"og:title\" content=\"Asistencia T\u00e9cnica y Servicios Inform\u00e1ticos - Tepsis\" \/>\n<meta property=\"og:description\" content=\"Nuestra asistencia t\u00e9cnica resolver\u00e1 su duda o problema relacionado con el servicio inform\u00e1tico en menos de 24 horas.\" \/>\n<meta property=\"og:url\" content=\"https:\/\/tepsis.com\/es\/asistencia-tecnica-servicio-informatico\/\" \/>\n<meta property=\"og:site_name\" content=\"Tepsis\" \/>\n<meta property=\"article:modified_time\" content=\"2025-01-21T11:32:46+00:00\" \/>\n<meta name=\"twitter:card\" content=\"summary_large_image\" \/>\n<meta name=\"twitter:label1\" content=\"Tiempo de lectura\" \/>\n\t<meta name=\"twitter:data1\" content=\"2 minutos\" \/>\n<script type=\"application\/ld+json\" class=\"yoast-schema-graph\">{\"@context\":\"https:\/\/schema.org\",\"@graph\":[{\"@type\":\"WebPage\",\"@id\":\"https:\/\/tepsis.com\/es\/asistencia-tecnica-servicio-informatico\/\",\"url\":\"https:\/\/tepsis.com\/es\/asistencia-tecnica-servicio-informatico\/\",\"name\":\"Asistencia T\u00e9cnica y Servicios Inform\u00e1ticos - Tepsis\",\"isPartOf\":{\"@id\":\"https:\/\/tepsis.com\/es\/#website\"},\"datePublished\":\"2018-01-26T09:05:50+00:00\",\"dateModified\":\"2025-01-21T11:32:46+00:00\",\"description\":\"Nuestra asistencia t\u00e9cnica resolver\u00e1 su duda o problema relacionado con el servicio inform\u00e1tico en menos de 24 horas.\",\"breadcrumb\":{\"@id\":\"https:\/\/tepsis.com\/es\/asistencia-tecnica-servicio-informatico\/#breadcrumb\"},\"inLanguage\":\"es\",\"potentialAction\":[{\"@type\":\"ReadAction\",\"target\":[\"https:\/\/tepsis.com\/es\/asistencia-tecnica-servicio-informatico\/\"]}]},{\"@type\":\"BreadcrumbList\",\"@id\":\"https:\/\/tepsis.com\/es\/asistencia-tecnica-servicio-informatico\/#breadcrumb\",\"itemListElement\":[{\"@type\":\"ListItem\",\"position\":1,\"name\":\"Portada\",\"item\":\"https:\/\/tepsis.com\/es\/\"},{\"@type\":\"ListItem\",\"position\":2,\"name\":\"Contactar Asistencia T\u00e9cnica en Servicio Informatico\"}]},{\"@type\":\"WebSite\",\"@id\":\"https:\/\/tepsis.com\/es\/#website\",\"url\":\"https:\/\/tepsis.com\/es\/\",\"name\":\"Tepsis\",\"description\":\"Inform\u00e0tica Empresarial\",\"potentialAction\":[{\"@type\":\"SearchAction\",\"target\":{\"@type\":\"EntryPoint\",\"urlTemplate\":\"https:\/\/tepsis.com\/es\/?s={search_term_string}\"},\"query-input\":{\"@type\":\"PropertyValueSpecification\",\"valueRequired\":true,\"valueName\":\"search_term_string\"}}],\"inLanguage\":\"es\"}]}<\/script>\n<!-- \/ Yoast SEO plugin. -->","yoast_head_json":{"title":"Asistencia T\u00e9cnica y Servicios Inform\u00e1ticos - Tepsis","description":"Nuestra asistencia t\u00e9cnica resolver\u00e1 su duda o problema relacionado con el servicio inform\u00e1tico en menos de 24 horas.","robots":{"index":"index","follow":"follow","max-snippet":"max-snippet:-1","max-image-preview":"max-image-preview:large","max-video-preview":"max-video-preview:-1"},"canonical":"https:\/\/tepsis.com\/es\/asistencia-tecnica-servicio-informatico\/","og_locale":"es_ES","og_type":"article","og_title":"Asistencia T\u00e9cnica y Servicios Inform\u00e1ticos - Tepsis","og_description":"Nuestra asistencia t\u00e9cnica resolver\u00e1 su duda o problema relacionado con el servicio inform\u00e1tico en menos de 24 horas.","og_url":"https:\/\/tepsis.com\/es\/asistencia-tecnica-servicio-informatico\/","og_site_name":"Tepsis","article_modified_time":"2025-01-21T11:32:46+00:00","twitter_card":"summary_large_image","twitter_misc":{"Tiempo de lectura":"2 minutos"},"schema":{"@context":"https:\/\/schema.org","@graph":[{"@type":"WebPage","@id":"https:\/\/tepsis.com\/es\/asistencia-tecnica-servicio-informatico\/","url":"https:\/\/tepsis.com\/es\/asistencia-tecnica-servicio-informatico\/","name":"Asistencia T\u00e9cnica y Servicios Inform\u00e1ticos - Tepsis","isPartOf":{"@id":"https:\/\/tepsis.com\/es\/#website"},"datePublished":"2018-01-26T09:05:50+00:00","dateModified":"2025-01-21T11:32:46+00:00","description":"Nuestra asistencia t\u00e9cnica resolver\u00e1 su duda o problema relacionado con el servicio inform\u00e1tico en menos de 24 horas.","breadcrumb":{"@id":"https:\/\/tepsis.com\/es\/asistencia-tecnica-servicio-informatico\/#breadcrumb"},"inLanguage":"es","potentialAction":[{"@type":"ReadAction","target":["https:\/\/tepsis.com\/es\/asistencia-tecnica-servicio-informatico\/"]}]},{"@type":"BreadcrumbList","@id":"https:\/\/tepsis.com\/es\/asistencia-tecnica-servicio-informatico\/#breadcrumb","itemListElement":[{"@type":"ListItem","position":1,"name":"Portada","item":"https:\/\/tepsis.com\/es\/"},{"@type":"ListItem","position":2,"name":"Contactar Asistencia T\u00e9cnica en Servicio Informatico"}]},{"@type":"WebSite","@id":"https:\/\/tepsis.com\/es\/#website","url":"https:\/\/tepsis.com\/es\/","name":"Tepsis","description":"Inform\u00e0tica Empresarial","potentialAction":[{"@type":"SearchAction","target":{"@type":"EntryPoint","urlTemplate":"https:\/\/tepsis.com\/es\/?s={search_term_string}"},"query-input":{"@type":"PropertyValueSpecification","valueRequired":true,"valueName":"search_term_string"}}],"inLanguage":"es"}]}},"_links":{"self":[{"href":"https:\/\/tepsis.com\/es\/wp-json\/wp\/v2\/pages\/700","targetHints":{"allow":["GET"]}}],"collection":[{"href":"https:\/\/tepsis.com\/es\/wp-json\/wp\/v2\/pages"}],"about":[{"href":"https:\/\/tepsis.com\/es\/wp-json\/wp\/v2\/types\/page"}],"author":[{"embeddable":true,"href":"https:\/\/tepsis.com\/es\/wp-json\/wp\/v2\/users\/1"}],"replies":[{"embeddable":true,"href":"https:\/\/tepsis.com\/es\/wp-json\/wp\/v2\/comments?post=700"}],"version-history":[{"count":0,"href":"https:\/\/tepsis.com\/es\/wp-json\/wp\/v2\/pages\/700\/revisions"}],"wp:attachment":[{"href":"https:\/\/tepsis.com\/es\/wp-json\/wp\/v2\/media?parent=700"}],"curies":[{"name":"wp","href":"https:\/\/api.w.org\/{rel}","templated":true}]}}