{"id":707,"date":"2017-12-11T16:55:27","date_gmt":"2017-12-11T15:55:27","guid":{"rendered":"http:\/\/tepsis.com\/hardware-sistemes-ordinadors-empreses\/"},"modified":"2025-01-21T13:14:31","modified_gmt":"2025-01-21T12:14:31","slug":"hardware-sistemas-ordenadores-empresas","status":"publish","type":"page","link":"https:\/\/tepsis.com\/es\/hardware-sistemas-ordenadores-empresas\/","title":{"rendered":"Hardware y Sistemas"},"content":{"rendered":"<div id='full_slider_1'  class='avia-fullwidth-slider main_color avia-shadow   avia-builder-el-0  el_before_av_section  avia-builder-el-first   container_wrap fullsize'  >\n<style type=\"text\/css\" data-created_by=\"avia_inline_auto\" id=\"style-css-av-4frnyj-aec3293241a2e9146db0aee315602232\">\n#top #wrap_all .avia-slideshow .av-slideshow-caption.av-4frnyj-aec3293241a2e9146db0aee315602232__0 .avia-caption-title{\ncolor:#ffffff;\n}\n\n@media only screen and (min-width: 768px) and (max-width: 989px){ \n#top #wrap_all .avia-slideshow .av-slideshow-caption.av-4frnyj-aec3293241a2e9146db0aee315602232__0 .avia-caption-title{\nfont-size:20px;\n}\n}\n<\/style>\n<div  class='avia-slideshow av-4frnyj-aec3293241a2e9146db0aee315602232 avia-slideshow-featured av_slideshow_full avia-fade-slider av-slideshow-ui av-control-hidden av-no-slider-navigation av-hide-nav-arrows av-slideshow-manual av-loop-once av-loop-manual-endless av-default-height-applied   avia-slideshow-1' data-slideshow-options=\"{&quot;animation&quot;:&quot;fade&quot;,&quot;autoplay&quot;:false,&quot;loop_autoplay&quot;:&quot;once&quot;,&quot;interval&quot;:5,&quot;loop_manual&quot;:&quot;manual-endless&quot;,&quot;autoplay_stopper&quot;:false,&quot;noNavigation&quot;:true,&quot;bg_slider&quot;:false,&quot;keep_padding&quot;:false,&quot;hoverpause&quot;:false,&quot;show_slide_delay&quot;:0}\"  itemprop=\"image\" itemscope=\"itemscope\" itemtype=\"https:\/\/schema.org\/ImageObject\" ><ul class='avia-slideshow-inner ' style='padding-bottom: 22%;'><li  class='avia-slideshow-slide av-4frnyj-aec3293241a2e9146db0aee315602232__0  av-single-slide slide-1 slide-odd'><div data-rel='slideshow-1' class='avia-slide-wrap '   ><div class='av-slideshow-caption av-4frnyj-aec3293241a2e9146db0aee315602232__0 caption_fullwidth caption_left caption_left_framed caption_framed'><div class=\"container caption_container\"><div class=\"slideshow_caption\"><div class=\"slideshow_inner_caption\"><div class=\"slideshow_align_caption\"><h2 class='avia-caption-title '  itemprop=\"name\" >EQUIPOS INFORM\u00c1TICOS PARA EMPRESAS<\/h2><div class='avia-caption-content av_inherit_color'  itemprop=\"description\" ><p>HARDWARE y SISTEMAS<\/p>\n<\/div><\/div><\/div><\/div><\/div><\/div><img decoding=\"async\" class=\"wp-image-340 avia-img-lazy-loading-not-340\"  src=\"https:\/\/tepsis.com\/wp-content\/uploads\/2017\/12\/TEPSIS-hardware-i-sistemes-1500x330.jpg\" width=\"1500\" height=\"330\" title='TEPSIS-hardware-i-sistemes' alt='hardware i sistemes'  itemprop=\"thumbnailUrl\"  style='min-height:300px; min-width:1364px; ' \/><div class='av-section-color-overlay' style='opacity: 0.5; background-color: #000000; '><\/div><\/div><\/li><\/ul><\/div><\/div>\n<div id='av_section_1'  class='avia-section av-43vns3-1dce7d2f77e11b15456c9be53368a7e7 main_color avia-section-default avia-no-border-styling  avia-builder-el-1  el_after_av_slideshow_full  el_before_av_section  avia-bg-style-scroll container_wrap fullsize'  ><div class='container av-section-cont-open' ><div class='template-page content  av-content-full alpha units'><div class='post-entry post-entry-type-page post-entry-707'><div class='entry-content-wrapper clearfix'>\n\n<style type=\"text\/css\" data-created_by=\"avia_inline_auto\" id=\"style-css-av-3x7ipv-0626c251460f9d4dd4cdcb944739f4d8\">\n#top .av-special-heading.av-3x7ipv-0626c251460f9d4dd4cdcb944739f4d8{\npadding-bottom:10px;\nfont-size:25px;\n}\nbody .av-special-heading.av-3x7ipv-0626c251460f9d4dd4cdcb944739f4d8 .av-special-heading-tag .heading-char{\nfont-size:25px;\n}\n#top #wrap_all .av-special-heading.av-3x7ipv-0626c251460f9d4dd4cdcb944739f4d8 .av-special-heading-tag{\nfont-size:25px;\n}\n.av-special-heading.av-3x7ipv-0626c251460f9d4dd4cdcb944739f4d8 .av-subheading{\nfont-size:15px;\n}\n\n@media only screen and (min-width: 480px) and (max-width: 767px){ \n#top #wrap_all .av-special-heading.av-3x7ipv-0626c251460f9d4dd4cdcb944739f4d8 .av-special-heading-tag{\nfont-size:0.8em;\n}\n}\n\n@media only screen and (max-width: 479px){ \n#top #wrap_all .av-special-heading.av-3x7ipv-0626c251460f9d4dd4cdcb944739f4d8 .av-special-heading-tag{\nfont-size:0.8em;\n}\n}\n<\/style>\n<div  class='av-special-heading av-3x7ipv-0626c251460f9d4dd4cdcb944739f4d8 av-special-heading-h3 blockquote modern-quote modern-centered  avia-builder-el-2  el_before_av_hr  avia-builder-el-first  av-inherit-size'><h3 class='av-special-heading-tag'  itemprop=\"headline\"  >PROBADA EXPERIENCIA EN INSTALACIONES PARA EMPRESAS<\/h3><div class=\"special-heading-border\"><div class=\"special-heading-inner-border\"><\/div><\/div><\/div>\n\n<style type=\"text\/css\" data-created_by=\"avia_inline_auto\" id=\"style-css-av-3nujjn-be6901f18c1f3ca3d5e3827447f14d23\">\n#top .hr.av-3nujjn-be6901f18c1f3ca3d5e3827447f14d23{\nmargin-top:5px;\nmargin-bottom:30px;\n}\n.hr.av-3nujjn-be6901f18c1f3ca3d5e3827447f14d23 .hr-inner{\nwidth:50px;\nborder-color:#c5cf3d;\n}\n<\/style>\n<div  class='hr av-3nujjn-be6901f18c1f3ca3d5e3827447f14d23 hr-custom  avia-builder-el-3  el_after_av_heading  el_before_av_heading  hr-center hr-icon-no'><span class='hr-inner inner-border-av-border-fat'><span class=\"hr-inner-style\"><\/span><\/span><\/div>\n\n<style type=\"text\/css\" data-created_by=\"avia_inline_auto\" id=\"style-css-av-3kkrkr-90c776f38a296797e08ce1868d242e8a\">\n#top .av-special-heading.av-3kkrkr-90c776f38a296797e08ce1868d242e8a{\npadding-bottom:10px;\n}\nbody .av-special-heading.av-3kkrkr-90c776f38a296797e08ce1868d242e8a .av-special-heading-tag .heading-char{\nfont-size:25px;\n}\n.av-special-heading.av-3kkrkr-90c776f38a296797e08ce1868d242e8a .av-subheading{\nfont-size:15px;\n}\n<\/style>\n<div  class='av-special-heading av-3kkrkr-90c776f38a296797e08ce1868d242e8a av-special-heading-h4  avia-builder-el-4  el_after_av_hr  el_before_av_iconlist '><h4 class='av-special-heading-tag'  itemprop=\"headline\"  >Instalaciones modernas y bien planificadas- El primer paso para un hardware y sistemas eficientes<\/h4><div class=\"special-heading-border\"><div class=\"special-heading-inner-border\"><\/div><\/div><\/div>\n\n<style type=\"text\/css\" data-created_by=\"avia_inline_auto\" id=\"style-css-av-lk2bet6o-c90d4195cb1c84ac9478a66734ab4747\">\n#top .avia-icon-list-container.av-lk2bet6o-c90d4195cb1c84ac9478a66734ab4747 .iconlist_icon{\ncolor:#ffffff;\nbackground-color:#c5cf3d;\nborder:1px solid #c5cf3d;\n}\n<\/style>\n<div  class='avia-icon-list-container av-lk2bet6o-c90d4195cb1c84ac9478a66734ab4747  avia-builder-el-5  el_after_av_heading  el_before_av_hr '><ul class='avia-icon-list avia_animate_when_almost_visible avia-icon-list-left av-iconlist-big av-lk2bet6o-c90d4195cb1c84ac9478a66734ab4747 avia-iconlist-animate'>\n<li><div class='iconlist_icon av-3d8t9f-802384abee92af720442cc77290e06df avia-font-fontello'><span class='iconlist-char' aria-hidden='true' data-av_icon='\uf109' data-av_iconfont='fontello'><\/span><\/div><article class=\"article-icon-entry av-iconlist-empty\"  itemscope=\"itemscope\" itemtype=\"https:\/\/schema.org\/CreativeWork\" ><div class=\"iconlist_content_wrap\"><header class=\"entry-content-header\"><h4 class='av_iconlist_title iconlist_title  '  itemprop=\"headline\" >Correcta configuraci\u00f3n de los PCs<\/h4><\/header><div class='iconlist_content '  itemprop=\"text\" ><\/div><\/div><footer class=\"entry-footer\"><\/footer><\/article><div class=\"iconlist-timeline\"><\/div><\/li>\n<li><div class='iconlist_icon av-lk2bdyd4-869de6d673d8a6ee85a39b87d0ff143b avia-font-entypo-fontello'><span class='iconlist-char' aria-hidden='true' data-av_icon='\ue8ad' data-av_iconfont='entypo-fontello'><\/span><\/div><article class=\"article-icon-entry av-iconlist-empty\"  itemscope=\"itemscope\" itemtype=\"https:\/\/schema.org\/CreativeWork\" ><div class=\"iconlist_content_wrap\"><header class=\"entry-content-header\"><h4 class='av_iconlist_title iconlist_title  '  itemprop=\"headline\" >Correcta configuraci\u00f3n de una red, su servidor y cableado<\/h4><\/header><div class='iconlist_content '  itemprop=\"text\" ><\/div><\/div><footer class=\"entry-footer\"><\/footer><\/article><div class=\"iconlist-timeline\"><\/div><\/li>\n<li><div class='iconlist_icon av-3atr03-200402502258bd78864746737279251b avia-font-entypo-fontello'><span class='iconlist-char' aria-hidden='true' data-av_icon='\ue812' data-av_iconfont='entypo-fontello'><\/span><\/div><article class=\"article-icon-entry av-iconlist-empty\"  itemscope=\"itemscope\" itemtype=\"https:\/\/schema.org\/CreativeWork\" ><div class=\"iconlist_content_wrap\"><header class=\"entry-content-header\"><h4 class='av_iconlist_title iconlist_title  '  itemprop=\"headline\" >Redes certificadas<\/h4><\/header><div class='iconlist_content '  itemprop=\"text\" ><\/div><\/div><footer class=\"entry-footer\"><\/footer><\/article><div class=\"iconlist-timeline\"><\/div><\/li>\n<li><div class='iconlist_icon av-321wmr-0477a8173843b66caf4101df940fa91b avia-font-entypo-fontello'><span class='iconlist-char' aria-hidden='true' data-av_icon='\ue8a7' data-av_iconfont='entypo-fontello'><\/span><\/div><article class=\"article-icon-entry av-iconlist-empty\"  itemscope=\"itemscope\" itemtype=\"https:\/\/schema.org\/CreativeWork\" ><div class=\"iconlist_content_wrap\"><header class=\"entry-content-header\"><h4 class='av_iconlist_title iconlist_title  '  itemprop=\"headline\" >Instalaci\u00f3n y configuraci\u00f3n correcta de antenas WIFI<\/h4><\/header><div class='iconlist_content '  itemprop=\"text\" ><\/div><\/div><footer class=\"entry-footer\"><\/footer><\/article><div class=\"iconlist-timeline\"><\/div><\/li>\n<li><div class='iconlist_icon av-2wsiqb-b7f5bda3078f93b8867c65b9439d1ce6 avia-font-fontello'><span class='iconlist-char' aria-hidden='true' data-av_icon='\uf1c0' data-av_iconfont='fontello'><\/span><\/div><article class=\"article-icon-entry av-iconlist-empty\"  itemscope=\"itemscope\" itemtype=\"https:\/\/schema.org\/CreativeWork\" ><div class=\"iconlist_content_wrap\"><header class=\"entry-content-header\"><h4 class='av_iconlist_title iconlist_title  '  itemprop=\"headline\" >Copias de seguridad diarias<\/h4><\/header><div class='iconlist_content '  itemprop=\"text\" ><\/div><\/div><footer class=\"entry-footer\"><\/footer><\/article><div class=\"iconlist-timeline\"><\/div><\/li>\n<li><div class='iconlist_icon av-2p1zq3-9ef148a98c9d2c543d1183e2e78fa5ab avia-font-fontello'><span class='iconlist-char' aria-hidden='true' data-av_icon='\ue802' data-av_iconfont='fontello'><\/span><\/div><article class=\"article-icon-entry \"  itemscope=\"itemscope\" itemtype=\"https:\/\/schema.org\/CreativeWork\" ><div class=\"iconlist_content_wrap\"><header class=\"entry-content-header\"><h4 class='av_iconlist_title iconlist_title  '  itemprop=\"headline\" >Correcta instalaci\u00f3n total de una sala de inform\u00e1tica<\/h4><\/header><div class='iconlist_content '  itemprop=\"text\" ><p>Armario de servidores, cableado, voz y datos, servidores dedicados, refrigeraci\u00f3n de la sala, etc.<\/p>\n<\/div><\/div><footer class=\"entry-footer\"><\/footer><\/article><div class=\"iconlist-timeline\"><\/div><\/li>\n<\/ul><\/div>\n\n<style type=\"text\/css\" data-created_by=\"avia_inline_auto\" id=\"style-css-av-2lsuwj-39e384604665d65b2bf6adbb1fc8cd7e\">\n#top .hr.hr-invisible.av-2lsuwj-39e384604665d65b2bf6adbb1fc8cd7e{\nheight:5px;\n}\n<\/style>\n<div  class='hr av-2lsuwj-39e384604665d65b2bf6adbb1fc8cd7e hr-invisible  avia-builder-el-6  el_after_av_iconlist  avia-builder-el-last '><span class='hr-inner '><span class=\"hr-inner-style\"><\/span><\/span><\/div>\n<\/div><\/div><\/div><!-- close content main div --><\/div><\/div><div id='av_section_2'  class='avia-section av-2c5i9v-dcde5d4dcc57e86a9b5c541f7138b65d alternate_color avia-section-default avia-no-border-styling  avia-builder-el-7  el_after_av_section  el_before_av_section  avia-bg-style-scroll container_wrap fullsize'  ><div class='container av-section-cont-open' ><div class='template-page content  av-content-full alpha units'><div class='post-entry post-entry-type-page post-entry-707'><div class='entry-content-wrapper clearfix'>\n\n<style type=\"text\/css\" data-created_by=\"avia_inline_auto\" id=\"style-css-av-27zlo3-478f0bbfc3803f95f124cc237108c7af\">\n#top .av-special-heading.av-27zlo3-478f0bbfc3803f95f124cc237108c7af{\npadding-bottom:0;\n}\nbody .av-special-heading.av-27zlo3-478f0bbfc3803f95f124cc237108c7af .av-special-heading-tag .heading-char{\nfont-size:25px;\n}\n.av-special-heading.av-27zlo3-478f0bbfc3803f95f124cc237108c7af .av-subheading{\nfont-size:15px;\n}\n<\/style>\n<div  class='av-special-heading av-27zlo3-478f0bbfc3803f95f124cc237108c7af av-special-heading-h2 blockquote modern-quote modern-centered  avia-builder-el-8  el_before_av_hr  avia-builder-el-first '><h2 class='av-special-heading-tag'  itemprop=\"headline\"  >MANTENIMIENTO INTEGRAL Y ASISTENCIA T\u00c9CNICA<\/h2><div class=\"special-heading-border\"><div class=\"special-heading-inner-border\"><\/div><\/div><\/div>\n\n<style type=\"text\/css\" data-created_by=\"avia_inline_auto\" id=\"style-css-av-2215rf-a4044f373eeafa6a9455c81a738a88e0\">\n#top .hr.av-2215rf-a4044f373eeafa6a9455c81a738a88e0{\nmargin-top:5px;\nmargin-bottom:30px;\n}\n.hr.av-2215rf-a4044f373eeafa6a9455c81a738a88e0 .hr-inner{\nwidth:50px;\nborder-color:#c5cf3d;\n}\n<\/style>\n<div  class='hr av-2215rf-a4044f373eeafa6a9455c81a738a88e0 hr-custom  avia-builder-el-9  el_after_av_heading  el_before_av_button_big  avia-builder-el-last  hr-center hr-icon-no'><span class='hr-inner inner-border-av-border-fat'><span class=\"hr-inner-style\"><\/span><\/span><\/div>\n<div  class='avia-button-wrap avia-button-center  avia-builder-el-10  el_after_av_hr  avia-builder-el-last '>\n<style type=\"text\/css\" data-created_by=\"avia_inline_auto\" id=\"style-css-av-1vli97-b78447a478a1f3720d3e8401cd0e77e5\">\n#top #wrap_all .avia-button.av-1vli97-b78447a478a1f3720d3e8401cd0e77e5{\nbackground-color:#f4f4f4;\nborder-color:#f4f4f4;\ncolor:#000000;\n-webkit-transition:all 0.4s ease-in-out;\n-moz-transition:all 0.4s ease-in-out;\n-ms-transition:all 0.4s ease-in-out;\n-o-transition:all 0.4s ease-in-out;\ntransition:all 0.4s ease-in-out;\n}\n#top #wrap_all .avia-button.av-1vli97-b78447a478a1f3720d3e8401cd0e77e5:hover{\ncolor:#ffffff;\n-webkit-transition:all 0.4s ease-in-out;\n-moz-transition:all 0.4s ease-in-out;\n-ms-transition:all 0.4s ease-in-out;\n-o-transition:all 0.4s ease-in-out;\ntransition:all 0.4s ease-in-out;\n}\n<\/style>\n<a href='https:\/\/tepsis.com\/es\/mantenimiento-informatico\/' class='avia-button avia-button-fullwidth av-1vli97-b78447a478a1f3720d3e8401cd0e77e5 avia-icon_select-no avia-color-custom'  ><span class='avia_iconbox_title' >CONSULTE LOS PLANES DE MANTENIMIENTO PREVENTIVO DE TEPSIS<\/span><span class='avia_button_background avia-button avia-button-fullwidth avia-color-theme-color'><\/span><\/a><\/div>\n<\/div><\/div><\/div><!-- close content main div --><\/div><\/div>\n<style type=\"text\/css\" data-created_by=\"avia_inline_auto\" id=\"style-css-av-68cxn-d4c80f911afae6eea2b79cfada62ebdc\">\n.avia-section.av-68cxn-d4c80f911afae6eea2b79cfada62ebdc .av-section-color-overlay{\nopacity:0.4;\nbackground-color:#c5cf3d;\nbackground-image:url(https:\/\/tepsis.com\/wp-content\/themes\/enfold\/images\/background-images\/polygon.png);\nbackground-repeat:repeat;\n}\n<\/style>\n<div id='av_section_3'  class='avia-section av-68cxn-d4c80f911afae6eea2b79cfada62ebdc main_color avia-section-small avia-no-border-styling  avia-builder-el-11  el_after_av_section  avia-builder-el-last  avia-bg-style-fixed av-section-color-overlay-active container_wrap fullsize'  ><div class=\"av-section-color-overlay-wrap\"><div class=\"av-section-color-overlay\"><\/div><div class='container av-section-cont-open' ><div class='template-page content  av-content-full alpha units'><div class='post-entry post-entry-type-page post-entry-707'><div class='entry-content-wrapper clearfix'>\n\n<style type=\"text\/css\" data-created_by=\"avia_inline_auto\" id=\"style-css-av-kw37-5809647171362fc62f5ec45288f21c76\">\n#top .av-special-heading.av-kw37-5809647171362fc62f5ec45288f21c76{\npadding-bottom:0;\n}\nbody .av-special-heading.av-kw37-5809647171362fc62f5ec45288f21c76 .av-special-heading-tag .heading-char{\nfont-size:25px;\n}\n.av-special-heading.av-kw37-5809647171362fc62f5ec45288f21c76 .av-subheading{\nfont-size:15px;\n}\n<\/style>\n<div  class='av-special-heading av-kw37-5809647171362fc62f5ec45288f21c76 av-special-heading-h2 blockquote modern-quote modern-centered  avia-builder-el-12  el_before_av_hr  avia-builder-el-first '><h2 class='av-special-heading-tag'  itemprop=\"headline\"  >D\u00c9JENOS LOS DATOS Y LE CONTACTAMOS<\/h2><div class=\"special-heading-border\"><div class=\"special-heading-inner-border\"><\/div><\/div><\/div>\n\n<style type=\"text\/css\" data-created_by=\"avia_inline_auto\" id=\"style-css-av-1h7mqj-d9f0095485db85c9cf6f5f64268626b5\">\n#top .hr.av-1h7mqj-d9f0095485db85c9cf6f5f64268626b5{\nmargin-top:5px;\nmargin-bottom:30px;\n}\n.hr.av-1h7mqj-d9f0095485db85c9cf6f5f64268626b5 .hr-inner{\nwidth:50px;\nborder-color:#c5cf3d;\n}\n<\/style>\n<div  class='hr av-1h7mqj-d9f0095485db85c9cf6f5f64268626b5 hr-custom  avia-builder-el-13  el_after_av_heading  el_before_av_textblock  hr-center hr-icon-no'><span class='hr-inner inner-border-av-border-fat'><span class=\"hr-inner-style\"><\/span><\/span><\/div>\n\n<style type=\"text\/css\" data-created_by=\"avia_inline_auto\" id=\"style-css-av-16jlw3-7cd033bbd8c8b8ccf9c27cd3b935fc0d\">\n#top .av_textblock_section.av-16jlw3-7cd033bbd8c8b8ccf9c27cd3b935fc0d .avia_textblock{\nfont-size:16px;\n}\n<\/style>\n<section  class='av_textblock_section av-16jlw3-7cd033bbd8c8b8ccf9c27cd3b935fc0d '   itemscope=\"itemscope\" itemtype=\"https:\/\/schema.org\/CreativeWork\" ><div class='avia_textblock'  itemprop=\"text\" ><p style=\"text-align: center;\"><span style=\"color: #000000;\">Le respondemos en menos de 24 horas<\/span><\/p>\n<\/div><\/section>\n<form action=\"https:\/\/tepsis.com\/es\/hardware-sistemas-ordenadores-empresas\/\" method=\"post\" data-fields-with-error=\"Found errors in the following field(s):\" class=\"avia_ajax_form av-form-labels-visible   avia-builder-el-15  el_after_av_textblock  avia-builder-el-last   \" data-avia-form-id=\"1\" data-avia-redirect='' ><fieldset><p class='  first_form  form_element form_element_half' id='element_avia_1_1'><label for=\"avia_1_1\">Nombre y Apellidos <abbr class=\"required\" title=\"requerido\">*<\/abbr><\/label> <input name=\"avia_1_1\" class=\"text_input is_empty\" type=\"text\" id=\"avia_1_1\" value=\"\" \/><\/p><p class='  form_element form_element_half' id='element_avia_2_1'><label for=\"avia_2_1\">Email <abbr class=\"required\" title=\"requerido\">*<\/abbr><\/label> <input name=\"avia_2_1\" class=\"text_input is_email\" type=\"text\" id=\"avia_2_1\" value=\"\" \/><\/p><p class='  first_form  form_element form_element_half' id='element_avia_3_1'><label for=\"avia_3_1\">Tel\u00e9fono de contacto <abbr class=\"required\" title=\"requerido\">*<\/abbr><\/label> <input name=\"avia_3_1\" class=\"text_input is_empty\" type=\"text\" id=\"avia_3_1\" value=\"\" \/><\/p><p class='  form_element form_element_half' id='element_avia_4_1'><label for=\"avia_4_1\">Empresa <abbr class=\"required\" title=\"requerido\">*<\/abbr><\/label> <input name=\"avia_4_1\" class=\"text_input is_empty\" type=\"text\" id=\"avia_4_1\" value=\"\" \/><\/p><p class='  first_form  form_element form_fullwidth av-last-visible-form-element' id='element_avia_5_1'><input  name=\"avia_5_1\" class=\"input_checkbox is_empty\" type=\"checkbox\" id=\"avia_5_1\" value=\"true\"\/><label class=\"input_checkbox_label\" for=\"avia_5_1\">Aceptar los <a href=\"https:\/\/tepsis.com\/es\/politica-de-privacidad\/\" target=\"_blank\" rel=\"noopener\">T\u00e9rminos y Condiciones<\/a> <abbr class=\"required\" title=\"requerido\">*<\/abbr><\/label><\/p><p class=\"hidden\"><input type=\"text\" name=\"avia_6_1\" class=\"hidden \" id=\"avia_6_1\" value=\"\" \/><\/p><p class=\"form_element \"><input type=\"hidden\" value=\"1\" name=\"avia_generated_form1\" \/><input type=\"submit\" value=\"Enviar\" class=\"button\"  data-sending-label=\"Enviando\"\/><\/p><\/fieldset><\/form><div id=\"ajaxresponse_1\" class=\"ajaxresponse ajaxresponse_1 hidden\"><\/div>\n<\/p>\n","protected":false},"excerpt":{"rendered":"","protected":false},"author":1,"featured_media":0,"parent":0,"menu_order":0,"comment_status":"closed","ping_status":"closed","template":"","meta":{"footnotes":""},"class_list":["post-707","page","type-page","status-publish","hentry"],"yoast_head":"<!-- This site is optimized with the Yoast SEO plugin v27.2 - https:\/\/yoast.com\/product\/yoast-seo-wordpress\/ -->\n<title>Hardware y sistemas: equipos inform\u00e1ticos para empresas<\/title>\n<meta name=\"description\" content=\"Equipos e instalaciones de hardware y sistemas inform\u00e1ticos para empresas: configuraci\u00f3n de ordenadores, salas inform\u00e1ticas y m\u00e1s!\" \/>\n<meta name=\"robots\" content=\"index, follow, max-snippet:-1, max-image-preview:large, max-video-preview:-1\" \/>\n<link rel=\"canonical\" href=\"https:\/\/tepsis.com\/es\/hardware-sistemas-ordenadores-empresas\/\" \/>\n<meta property=\"og:locale\" content=\"es_ES\" \/>\n<meta property=\"og:type\" content=\"article\" \/>\n<meta property=\"og:title\" content=\"Hardware y sistemas: equipos inform\u00e1ticos para empresas\" \/>\n<meta property=\"og:description\" content=\"Equipos e instalaciones de hardware y sistemas inform\u00e1ticos para empresas: configuraci\u00f3n de ordenadores, salas inform\u00e1ticas y m\u00e1s!\" \/>\n<meta property=\"og:url\" content=\"https:\/\/tepsis.com\/es\/hardware-sistemas-ordenadores-empresas\/\" \/>\n<meta property=\"og:site_name\" content=\"Tepsis\" \/>\n<meta property=\"article:modified_time\" content=\"2025-01-21T12:14:31+00:00\" \/>\n<meta name=\"twitter:card\" content=\"summary_large_image\" \/>\n<meta name=\"twitter:label1\" content=\"Tiempo de lectura\" \/>\n\t<meta name=\"twitter:data1\" content=\"1 minuto\" \/>\n<script type=\"application\/ld+json\" class=\"yoast-schema-graph\">{\"@context\":\"https:\/\/schema.org\",\"@graph\":[{\"@type\":\"WebPage\",\"@id\":\"https:\/\/tepsis.com\/es\/hardware-sistemas-ordenadores-empresas\/\",\"url\":\"https:\/\/tepsis.com\/es\/hardware-sistemas-ordenadores-empresas\/\",\"name\":\"Hardware y sistemas: equipos inform\u00e1ticos para empresas\",\"isPartOf\":{\"@id\":\"https:\/\/tepsis.com\/es\/#website\"},\"datePublished\":\"2017-12-11T15:55:27+00:00\",\"dateModified\":\"2025-01-21T12:14:31+00:00\",\"description\":\"Equipos e instalaciones de hardware y sistemas inform\u00e1ticos para empresas: configuraci\u00f3n de ordenadores, salas inform\u00e1ticas y m\u00e1s!\",\"breadcrumb\":{\"@id\":\"https:\/\/tepsis.com\/es\/hardware-sistemas-ordenadores-empresas\/#breadcrumb\"},\"inLanguage\":\"es\",\"potentialAction\":[{\"@type\":\"ReadAction\",\"target\":[\"https:\/\/tepsis.com\/es\/hardware-sistemas-ordenadores-empresas\/\"]}]},{\"@type\":\"BreadcrumbList\",\"@id\":\"https:\/\/tepsis.com\/es\/hardware-sistemas-ordenadores-empresas\/#breadcrumb\",\"itemListElement\":[{\"@type\":\"ListItem\",\"position\":1,\"name\":\"Portada\",\"item\":\"https:\/\/tepsis.com\/es\/\"},{\"@type\":\"ListItem\",\"position\":2,\"name\":\"Hardware y Sistemas\"}]},{\"@type\":\"WebSite\",\"@id\":\"https:\/\/tepsis.com\/es\/#website\",\"url\":\"https:\/\/tepsis.com\/es\/\",\"name\":\"Tepsis\",\"description\":\"Inform\u00e0tica Empresarial\",\"potentialAction\":[{\"@type\":\"SearchAction\",\"target\":{\"@type\":\"EntryPoint\",\"urlTemplate\":\"https:\/\/tepsis.com\/es\/?s={search_term_string}\"},\"query-input\":{\"@type\":\"PropertyValueSpecification\",\"valueRequired\":true,\"valueName\":\"search_term_string\"}}],\"inLanguage\":\"es\"}]}<\/script>\n<!-- \/ Yoast SEO plugin. -->","yoast_head_json":{"title":"Hardware y sistemas: equipos inform\u00e1ticos para empresas","description":"Equipos e instalaciones de hardware y sistemas inform\u00e1ticos para empresas: configuraci\u00f3n de ordenadores, salas inform\u00e1ticas y m\u00e1s!","robots":{"index":"index","follow":"follow","max-snippet":"max-snippet:-1","max-image-preview":"max-image-preview:large","max-video-preview":"max-video-preview:-1"},"canonical":"https:\/\/tepsis.com\/es\/hardware-sistemas-ordenadores-empresas\/","og_locale":"es_ES","og_type":"article","og_title":"Hardware y sistemas: equipos inform\u00e1ticos para empresas","og_description":"Equipos e instalaciones de hardware y sistemas inform\u00e1ticos para empresas: configuraci\u00f3n de ordenadores, salas inform\u00e1ticas y m\u00e1s!","og_url":"https:\/\/tepsis.com\/es\/hardware-sistemas-ordenadores-empresas\/","og_site_name":"Tepsis","article_modified_time":"2025-01-21T12:14:31+00:00","twitter_card":"summary_large_image","twitter_misc":{"Tiempo de lectura":"1 minuto"},"schema":{"@context":"https:\/\/schema.org","@graph":[{"@type":"WebPage","@id":"https:\/\/tepsis.com\/es\/hardware-sistemas-ordenadores-empresas\/","url":"https:\/\/tepsis.com\/es\/hardware-sistemas-ordenadores-empresas\/","name":"Hardware y sistemas: equipos inform\u00e1ticos para empresas","isPartOf":{"@id":"https:\/\/tepsis.com\/es\/#website"},"datePublished":"2017-12-11T15:55:27+00:00","dateModified":"2025-01-21T12:14:31+00:00","description":"Equipos e instalaciones de hardware y sistemas inform\u00e1ticos para empresas: configuraci\u00f3n de ordenadores, salas inform\u00e1ticas y m\u00e1s!","breadcrumb":{"@id":"https:\/\/tepsis.com\/es\/hardware-sistemas-ordenadores-empresas\/#breadcrumb"},"inLanguage":"es","potentialAction":[{"@type":"ReadAction","target":["https:\/\/tepsis.com\/es\/hardware-sistemas-ordenadores-empresas\/"]}]},{"@type":"BreadcrumbList","@id":"https:\/\/tepsis.com\/es\/hardware-sistemas-ordenadores-empresas\/#breadcrumb","itemListElement":[{"@type":"ListItem","position":1,"name":"Portada","item":"https:\/\/tepsis.com\/es\/"},{"@type":"ListItem","position":2,"name":"Hardware y Sistemas"}]},{"@type":"WebSite","@id":"https:\/\/tepsis.com\/es\/#website","url":"https:\/\/tepsis.com\/es\/","name":"Tepsis","description":"Inform\u00e0tica Empresarial","potentialAction":[{"@type":"SearchAction","target":{"@type":"EntryPoint","urlTemplate":"https:\/\/tepsis.com\/es\/?s={search_term_string}"},"query-input":{"@type":"PropertyValueSpecification","valueRequired":true,"valueName":"search_term_string"}}],"inLanguage":"es"}]}},"_links":{"self":[{"href":"https:\/\/tepsis.com\/es\/wp-json\/wp\/v2\/pages\/707","targetHints":{"allow":["GET"]}}],"collection":[{"href":"https:\/\/tepsis.com\/es\/wp-json\/wp\/v2\/pages"}],"about":[{"href":"https:\/\/tepsis.com\/es\/wp-json\/wp\/v2\/types\/page"}],"author":[{"embeddable":true,"href":"https:\/\/tepsis.com\/es\/wp-json\/wp\/v2\/users\/1"}],"replies":[{"embeddable":true,"href":"https:\/\/tepsis.com\/es\/wp-json\/wp\/v2\/comments?post=707"}],"version-history":[{"count":0,"href":"https:\/\/tepsis.com\/es\/wp-json\/wp\/v2\/pages\/707\/revisions"}],"wp:attachment":[{"href":"https:\/\/tepsis.com\/es\/wp-json\/wp\/v2\/media?parent=707"}],"curies":[{"name":"wp","href":"https:\/\/api.w.org\/{rel}","templated":true}]}}