{"id":761,"date":"2017-12-05T18:30:22","date_gmt":"2017-12-05T17:30:22","guid":{"rendered":"http:\/\/tepsis.com\/sollicitar-demo-a3erp\/"},"modified":"2018-03-28T16:37:59","modified_gmt":"2018-03-28T15:37:59","slug":"demo-a3erp","status":"publish","type":"page","link":"https:\/\/tepsis.com\/es\/demo-a3erp\/","title":{"rendered":"Solicitar demo a3ERP"},"content":{"rendered":"\n<style type=\"text\/css\" data-created_by=\"avia_inline_auto\" id=\"style-css-av-av_hr-94f63a96ce1eb3c3220cd4d5ef099bc7\">\n#top .hr.hr-invisible.av-av_hr-94f63a96ce1eb3c3220cd4d5ef099bc7{\nheight:10px;\n}\n<\/style>\n<div  class='hr av-av_hr-94f63a96ce1eb3c3220cd4d5ef099bc7 hr-invisible  avia-builder-el-0  el_before_av_section  avia-builder-el-no-sibling  av-medium-hide av-small-hide av-mini-hide'><span class='hr-inner '><span class=\"hr-inner-style\"><\/span><\/span><\/div>\n<\/div><\/div><\/div><!-- close content main div --><\/div><\/div>\n<style type=\"text\/css\" data-created_by=\"avia_inline_auto\" id=\"style-css-av-av_section-8d1f33914002b39be4592d83de01cc82\">\n.avia-section.av-av_section-8d1f33914002b39be4592d83de01cc82 .av-parallax .av-parallax-inner{\nbackground-color:#92cd00;\nbackground-image:url(https:\/\/tepsis.com\/wp-content\/uploads\/2017\/12\/contactar-amb-tepsis-1.jpg);\nbackground-repeat:no-repeat;\nbackground-position:50% 100%;\nbackground-attachment:scroll;\n}\n.avia-section.av-av_section-8d1f33914002b39be4592d83de01cc82 .av-section-color-overlay{\nopacity:0.3;\nbackground-color:#a4cc2b;\n}\n<\/style>\n<div id='av_section_1'  class='avia-section av-av_section-8d1f33914002b39be4592d83de01cc82 main_color avia-section-default avia-no-border-styling  avia-builder-el-1  el_after_av_hr  el_before_av_one_full  avia-full-stretch av-parallax-section avia-bg-style-parallax av-section-color-overlay-active av-minimum-height av-minimum-height-25 av-height-25  container_wrap fullsize'  data-section-bg-repeat='stretch' data-av_minimum_height_pc='25' data-av_min_height_opt='25'><div class='av-parallax' data-avia-parallax-ratio='0.3' ><div class='av-parallax-inner main_color avia-full-stretch'><\/div><\/div><div class=\"av-section-color-overlay-wrap\"><div class=\"av-section-color-overlay\"><\/div><div class='container av-section-cont-open' ><div class='template-page content  av-content-full alpha units'><div class='post-entry post-entry-type-page post-entry-761'><div class='entry-content-wrapper clearfix'>\n<div class='flex_column_table av-av_one_half-98d7e62f3a99401b22a870a5644bedbe sc-av_one_half av-equal-height-column-flextable'>\n<style type=\"text\/css\" data-created_by=\"avia_inline_auto\" id=\"style-css-av-av_one_half-98d7e62f3a99401b22a870a5644bedbe\">\n.flex_column.av-av_one_half-98d7e62f3a99401b22a870a5644bedbe{\n-webkit-border-radius:0px 0px 0px 0px;\n-moz-border-radius:0px 0px 0px 0px;\nborder-radius:0px 0px 0px 0px;\npadding:0px 0px 0px 0px;\n}\n<\/style>\n<div  class='flex_column av-av_one_half-98d7e62f3a99401b22a870a5644bedbe av_one_half  avia-builder-el-2  el_before_av_one_half  avia-builder-el-first  first flex_column_table_cell av-equal-height-column av-align-middle av-zero-column-padding  '     ><p>\n<style type=\"text\/css\" data-created_by=\"avia_inline_auto\" id=\"style-css-av-av_heading-57d9f5b3d5b1fec64312cd4b7fc36fdd\">\n#top .av-special-heading.av-av_heading-57d9f5b3d5b1fec64312cd4b7fc36fdd{\npadding-bottom:0;\n}\nbody .av-special-heading.av-av_heading-57d9f5b3d5b1fec64312cd4b7fc36fdd .av-special-heading-tag .heading-char{\nfont-size:25px;\n}\n.av-special-heading.av-av_heading-57d9f5b3d5b1fec64312cd4b7fc36fdd .av-subheading{\nfont-size:15px;\n}\n<\/style>\n<div  class='av-special-heading av-av_heading-57d9f5b3d5b1fec64312cd4b7fc36fdd av-special-heading-h2  avia-builder-el-3  el_before_av_textblock  avia-builder-el-first '><h2 class='av-special-heading-tag'  itemprop=\"headline\"  >Demo del software de gesti\u00f3n a3ERP<\/h2><div class=\"special-heading-border\"><div class=\"special-heading-inner-border\"><\/div><\/div><\/div><br \/>\n\n<style type=\"text\/css\" data-created_by=\"avia_inline_auto\" id=\"style-css-av-av_textblock-5aa6b15b7f7b51c024e073252c916224\">\n#top .av_textblock_section.av-av_textblock-5aa6b15b7f7b51c024e073252c916224 .avia_textblock{\nfont-size:20px;\n}\n<\/style>\n<section  class='av_textblock_section av-av_textblock-5aa6b15b7f7b51c024e073252c916224 '   itemscope=\"itemscope\" itemtype=\"https:\/\/schema.org\/CreativeWork\" ><div class='avia_textblock'  itemprop=\"text\" ><p>(Sin descarga)<\/p>\n<\/div><\/section><\/p><\/div><div class='av-flex-placeholder'><\/div>\n<style type=\"text\/css\" data-created_by=\"avia_inline_auto\" id=\"style-css-av-av_one_half-c8fc129dc35fd1ae2a1e410224d39ea8\">\n.flex_column.av-av_one_half-c8fc129dc35fd1ae2a1e410224d39ea8{\n-webkit-border-radius:0px 0px 0px 0px;\n-moz-border-radius:0px 0px 0px 0px;\nborder-radius:0px 0px 0px 0px;\npadding:0px 0px 0px 0px;\n}\n<\/style>\n<div  class='flex_column av-av_one_half-c8fc129dc35fd1ae2a1e410224d39ea8 av_one_half  avia-builder-el-5  el_after_av_one_half  avia-builder-el-last  flex_column_table_cell av-equal-height-column av-align-middle av-zero-column-padding  '     ><div  class='avia-button-wrap av-av_button-ed401d664ce8e9610bfb403e1cbc4c24-wrap avia-button-center  avia-builder-el-6  avia-builder-el-no-sibling '><a href=''  class='avia-button av-av_button-ed401d664ce8e9610bfb403e1cbc4c24 avia-icon_select-yes-right-icon avia-size-x-large avia-position-center avia-color-theme-color'  ><span class='avia_iconbox_title' >ACCESO A DEMO<\/span><span class='avia_button_icon avia_button_icon_right' aria-hidden='true' data-av_icon='\ue85d' data-av_iconfont='entypo-fontello'><\/span><\/a><\/div><\/div><\/div><!--close column table wrapper. Autoclose: 1 -->\n<\/div><\/div><\/div><!-- close content main div --><\/div><\/div><\/div><div id='after_section_1'  class='main_color av_default_container_wrap container_wrap fullsize'  ><div class='container av-section-cont-open' ><div class='template-page content  av-content-full alpha units'><div class='post-entry post-entry-type-page post-entry-761'><div class='entry-content-wrapper clearfix'>\n\n<style type=\"text\/css\" data-created_by=\"avia_inline_auto\" id=\"style-css-av-av_one_full-f3813ee8d3cfa82fbe9073bfbb529d65\">\n.flex_column.av-av_one_full-f3813ee8d3cfa82fbe9073bfbb529d65{\n-webkit-border-radius:0px 0px 0px 0px;\n-moz-border-radius:0px 0px 0px 0px;\nborder-radius:0px 0px 0px 0px;\npadding:0px 0px 0px 0px;\n}\n<\/style>\n<div  class='flex_column av-av_one_full-f3813ee8d3cfa82fbe9073bfbb529d65 av_one_full  avia-builder-el-7  el_after_av_section  avia-builder-el-no-sibling  first flex_column_div av-zero-column-padding  '     ><section  class='av_textblock_section av-av_textblock-2bd894dbf2e4bf2c4acf98ce4fbf94aa '   itemscope=\"itemscope\" itemtype=\"https:\/\/schema.org\/CreativeWork\" ><div class='avia_textblock'  itemprop=\"text\" ><h3>\u00bfNo est\u00e1 registrado?<\/h3>\n<p>D\u00e9jenos sus datos para poder recibir las claves de acceso.<\/p>\n<\/div><\/section><br \/>\n<form action=\"https:\/\/tepsis.com\/es\/demo-a3erp\/\" method=\"post\" data-fields-with-error=\"Found errors in the following field(s):\" class=\"avia_ajax_form av-form-labels-visible   avia-builder-el-9  el_after_av_textblock  avia-builder-el-last   \" data-avia-form-id=\"1\" data-avia-redirect='' ><fieldset><p class='  first_form  form_element form_element_half' id='element_avia_1_1'><label for=\"avia_1_1\">Nombre y Apellidos <abbr class=\"required\" title=\"requerido\">*<\/abbr><\/label> <input name=\"avia_1_1\" class=\"text_input is_empty\" type=\"text\" id=\"avia_1_1\" value=\"\" \/><\/p><p class='  form_element form_element_half' id='element_avia_2_1'><label for=\"avia_2_1\">email <abbr class=\"required\" title=\"requerido\">*<\/abbr><\/label> <input name=\"avia_2_1\" class=\"text_input is_email\" type=\"text\" id=\"avia_2_1\" value=\"\" \/><\/p><p class='  first_form  form_element form_element_half' id='element_avia_3_1'><label for=\"avia_3_1\">Empresa <abbr class=\"required\" title=\"requerido\">*<\/abbr><\/label> <input name=\"avia_3_1\" class=\"text_input is_empty\" type=\"text\" id=\"avia_3_1\" value=\"\" \/><\/p><p class='  form_element form_element_half' id='element_avia_4_1'><label for=\"avia_4_1\">Tel\u00e9fono de contacto <abbr class=\"required\" title=\"requerido\">*<\/abbr><\/label> <input name=\"avia_4_1\" class=\"text_input is_empty\" type=\"text\" id=\"avia_4_1\" value=\"\" \/><\/p><p class='  first_form  form_element form_fullwidth' id='element_avia_5_1'><input  name=\"avia_5_1\" class=\"input_checkbox is_empty\" type=\"checkbox\" id=\"avia_5_1\" value=\"true\"\/><label class=\"input_checkbox_label\" for=\"avia_5_1\">Aceptar los <a href=\"https:\/\/tepsis.com\/es\/politica-de-privacidad\/\" target=\"_blank\" rel=\"noopener\">T\u00e9rminos y Condiciones<\/a> <abbr class=\"required\" title=\"requerido\">*<\/abbr><\/label><\/p><p class=\"hidden\"><input type=\"text\" name=\"avia_6_1\" class=\"hidden \" id=\"avia_6_1\" value=\"\" \/><\/p><p class='   form_element form_fullwidth' id='element_avia_7_1'><span class='value_verifier_label'>6 + 0 = ?<\/span><input name=\"avia_7_1_verifier\" type=\"hidden\" id=\"avia_7_1_verifier\" value=\"267541616\"\/><label for=\"avia_7_1\">Para mayor seguridad, responda la siguiente pregunta. <abbr class=\"required\" title=\"requerido\">*<\/abbr><\/label><input name=\"avia_7_1\" class=\"text_input captcha\" type=\"text\" id=\"avia_7_1\" value=\"\"\/><\/p><p class=\"form_element \"><input type=\"hidden\" value=\"1\" name=\"avia_generated_form1\" \/><input type=\"submit\" value=\"Enviar\" class=\"button\"  data-sending-label=\"Enviando\"\/><\/p><\/fieldset><\/form><div id=\"ajaxresponse_1\" class=\"ajaxresponse ajaxresponse_1 hidden\"><\/div><\/p><\/div>\n","protected":false},"excerpt":{"rendered":"","protected":false},"author":1,"featured_media":0,"parent":0,"menu_order":0,"comment_status":"closed","ping_status":"closed","template":"","meta":{"footnotes":""},"class_list":["post-761","page","type-page","status-publish","hentry"],"yoast_head":"<!-- This site is optimized with the Yoast SEO plugin v27.2 - https:\/\/yoast.com\/product\/yoast-seo-wordpress\/ -->\n<title>Solicitar una prueba demo a3ERP para su empresa - Tepsis<\/title>\n<meta name=\"description\" content=\"Entre y solicite su prueba-demo del software de gesti\u00f3n a3ERP para la empresa. Descubra el nivel de personalizaci\u00f3n que m\u00e1s se adapta a su negocio.\" \/>\n<meta name=\"robots\" content=\"index, follow, max-snippet:-1, max-image-preview:large, max-video-preview:-1\" \/>\n<link rel=\"canonical\" href=\"https:\/\/tepsis.com\/es\/demo-a3erp\/\" \/>\n<meta property=\"og:locale\" content=\"es_ES\" \/>\n<meta property=\"og:type\" content=\"article\" \/>\n<meta property=\"og:title\" content=\"Solicitar una prueba demo a3ERP para su empresa - Tepsis\" \/>\n<meta property=\"og:description\" content=\"Entre y solicite su prueba-demo del software de gesti\u00f3n a3ERP para la empresa. Descubra el nivel de personalizaci\u00f3n que m\u00e1s se adapta a su negocio.\" \/>\n<meta property=\"og:url\" content=\"https:\/\/tepsis.com\/es\/demo-a3erp\/\" \/>\n<meta property=\"og:site_name\" content=\"Tepsis\" \/>\n<meta property=\"article:modified_time\" content=\"2018-03-28T15:37:59+00:00\" \/>\n<meta name=\"twitter:card\" content=\"summary_large_image\" \/>\n<meta name=\"twitter:label1\" content=\"Tiempo de lectura\" \/>\n\t<meta name=\"twitter:data1\" content=\"4 minutos\" \/>\n<script type=\"application\/ld+json\" class=\"yoast-schema-graph\">{\"@context\":\"https:\/\/schema.org\",\"@graph\":[{\"@type\":\"WebPage\",\"@id\":\"https:\/\/tepsis.com\/es\/demo-a3erp\/\",\"url\":\"https:\/\/tepsis.com\/es\/demo-a3erp\/\",\"name\":\"Solicitar una prueba demo a3ERP para su empresa - Tepsis\",\"isPartOf\":{\"@id\":\"https:\/\/tepsis.com\/es\/#website\"},\"datePublished\":\"2017-12-05T17:30:22+00:00\",\"dateModified\":\"2018-03-28T15:37:59+00:00\",\"description\":\"Entre y solicite su prueba-demo del software de gesti\u00f3n a3ERP para la empresa. Descubra el nivel de personalizaci\u00f3n que m\u00e1s se adapta a su negocio.\",\"breadcrumb\":{\"@id\":\"https:\/\/tepsis.com\/es\/demo-a3erp\/#breadcrumb\"},\"inLanguage\":\"es\",\"potentialAction\":[{\"@type\":\"ReadAction\",\"target\":[\"https:\/\/tepsis.com\/es\/demo-a3erp\/\"]}]},{\"@type\":\"BreadcrumbList\",\"@id\":\"https:\/\/tepsis.com\/es\/demo-a3erp\/#breadcrumb\",\"itemListElement\":[{\"@type\":\"ListItem\",\"position\":1,\"name\":\"Portada\",\"item\":\"https:\/\/tepsis.com\/es\/\"},{\"@type\":\"ListItem\",\"position\":2,\"name\":\"Solicitar demo a3ERP\"}]},{\"@type\":\"WebSite\",\"@id\":\"https:\/\/tepsis.com\/es\/#website\",\"url\":\"https:\/\/tepsis.com\/es\/\",\"name\":\"Tepsis\",\"description\":\"Inform\u00e0tica Empresarial\",\"potentialAction\":[{\"@type\":\"SearchAction\",\"target\":{\"@type\":\"EntryPoint\",\"urlTemplate\":\"https:\/\/tepsis.com\/es\/?s={search_term_string}\"},\"query-input\":{\"@type\":\"PropertyValueSpecification\",\"valueRequired\":true,\"valueName\":\"search_term_string\"}}],\"inLanguage\":\"es\"}]}<\/script>\n<!-- \/ Yoast SEO plugin. -->","yoast_head_json":{"title":"Solicitar una prueba demo a3ERP para su empresa - Tepsis","description":"Entre y solicite su prueba-demo del software de gesti\u00f3n a3ERP para la empresa. Descubra el nivel de personalizaci\u00f3n que m\u00e1s se adapta a su negocio.","robots":{"index":"index","follow":"follow","max-snippet":"max-snippet:-1","max-image-preview":"max-image-preview:large","max-video-preview":"max-video-preview:-1"},"canonical":"https:\/\/tepsis.com\/es\/demo-a3erp\/","og_locale":"es_ES","og_type":"article","og_title":"Solicitar una prueba demo a3ERP para su empresa - Tepsis","og_description":"Entre y solicite su prueba-demo del software de gesti\u00f3n a3ERP para la empresa. Descubra el nivel de personalizaci\u00f3n que m\u00e1s se adapta a su negocio.","og_url":"https:\/\/tepsis.com\/es\/demo-a3erp\/","og_site_name":"Tepsis","article_modified_time":"2018-03-28T15:37:59+00:00","twitter_card":"summary_large_image","twitter_misc":{"Tiempo de lectura":"4 minutos"},"schema":{"@context":"https:\/\/schema.org","@graph":[{"@type":"WebPage","@id":"https:\/\/tepsis.com\/es\/demo-a3erp\/","url":"https:\/\/tepsis.com\/es\/demo-a3erp\/","name":"Solicitar una prueba demo a3ERP para su empresa - Tepsis","isPartOf":{"@id":"https:\/\/tepsis.com\/es\/#website"},"datePublished":"2017-12-05T17:30:22+00:00","dateModified":"2018-03-28T15:37:59+00:00","description":"Entre y solicite su prueba-demo del software de gesti\u00f3n a3ERP para la empresa. Descubra el nivel de personalizaci\u00f3n que m\u00e1s se adapta a su negocio.","breadcrumb":{"@id":"https:\/\/tepsis.com\/es\/demo-a3erp\/#breadcrumb"},"inLanguage":"es","potentialAction":[{"@type":"ReadAction","target":["https:\/\/tepsis.com\/es\/demo-a3erp\/"]}]},{"@type":"BreadcrumbList","@id":"https:\/\/tepsis.com\/es\/demo-a3erp\/#breadcrumb","itemListElement":[{"@type":"ListItem","position":1,"name":"Portada","item":"https:\/\/tepsis.com\/es\/"},{"@type":"ListItem","position":2,"name":"Solicitar demo a3ERP"}]},{"@type":"WebSite","@id":"https:\/\/tepsis.com\/es\/#website","url":"https:\/\/tepsis.com\/es\/","name":"Tepsis","description":"Inform\u00e0tica Empresarial","potentialAction":[{"@type":"SearchAction","target":{"@type":"EntryPoint","urlTemplate":"https:\/\/tepsis.com\/es\/?s={search_term_string}"},"query-input":{"@type":"PropertyValueSpecification","valueRequired":true,"valueName":"search_term_string"}}],"inLanguage":"es"}]}},"_links":{"self":[{"href":"https:\/\/tepsis.com\/es\/wp-json\/wp\/v2\/pages\/761","targetHints":{"allow":["GET"]}}],"collection":[{"href":"https:\/\/tepsis.com\/es\/wp-json\/wp\/v2\/pages"}],"about":[{"href":"https:\/\/tepsis.com\/es\/wp-json\/wp\/v2\/types\/page"}],"author":[{"embeddable":true,"href":"https:\/\/tepsis.com\/es\/wp-json\/wp\/v2\/users\/1"}],"replies":[{"embeddable":true,"href":"https:\/\/tepsis.com\/es\/wp-json\/wp\/v2\/comments?post=761"}],"version-history":[{"count":0,"href":"https:\/\/tepsis.com\/es\/wp-json\/wp\/v2\/pages\/761\/revisions"}],"wp:attachment":[{"href":"https:\/\/tepsis.com\/es\/wp-json\/wp\/v2\/media?parent=761"}],"curies":[{"name":"wp","href":"https:\/\/api.w.org\/{rel}","templated":true}]}}